{"id":7716,"date":"2019-03-11T13:43:13","date_gmt":"2019-03-11T12:43:13","guid":{"rendered":"https:\/\/alpdeluxe.at\/winterdeluxe\/"},"modified":"2026-02-16T11:52:29","modified_gmt":"2026-02-16T10:52:29","slug":"winterdeluxe","status":"publish","type":"page","link":"https:\/\/alpdeluxe.at\/en\/winterdeluxe\/","title":{"rendered":"WINTER"},"content":{"rendered":"<div class=\"wpb-content-wrapper\">[vc_row full_width=&#8221;stretch_row_content&#8221; content_placement=&#8221;top&#8221; css=&#8221;.vc_custom_1645278821062{margin-top: -50px !important;background-position: center !important;background-repeat: no-repeat !important;background-size: cover !important;}&#8221;][vc_column width=&#8221;1\/6&#8243;][\/vc_column][vc_column width=&#8221;2\/3&#8243;][vc_single_image image=&#8221;7359&#8243; img_size=&#8221;full&#8221; alignment=&#8221;center&#8221;][vc_row_inner css=&#8221;.vc_custom_1666967470895{margin-top: 0px !important;margin-right: 0px !important;margin-left: 0px !important;}&#8221;][vc_column_inner width=&#8221;1\/6&#8243;][\/vc_column_inner][vc_column_inner width=&#8221;2\/3&#8243;][vc_column_text css=&#8221;&#8221;]\n<h3 style=\"text-align: center;\"><span style=\"font-size: 24px; color: #4b5854;\">EXPERIENCE THE WINTER<\/span><\/h3>\n<p style=\"text-align: center;\"><span style=\"font-size: 16px; color: #4b5854;\">In the middle of the nature park: snow-covered firs,<br \/>\nperfectly groomed cross-country ski trails, fabulous views.<br \/>\n<\/span><\/p>\n[\/vc_column_text][vc_separator color=&#8221;custom&#8221; border_width=&#8221;3&#8243; el_width=&#8221;20&#8243; css=&#8221;.vc_custom_1666967562043{margin-top: -20px !important;}&#8221; accent_color=&#8221;#4b5854&#8243;][\/vc_column_inner][vc_column_inner width=&#8221;1\/6&#8243;][\/vc_column_inner][\/vc_row_inner][\/vc_column][vc_column width=&#8221;1\/6&#8243;][\/vc_column][\/vc_row][vc_row][vc_column][vc_row_inner][vc_column_inner width=&#8221;1\/6&#8243;][\/vc_column_inner][vc_column_inner width=&#8221;2\/3&#8243;][vc_column_text]<img loading=\"lazy\" decoding=\"async\" class=\"aligncenter wp-image-5612\" src=\"https:\/\/alpdeluxe.at\/wp-content\/uploads\/2022\/10\/Bildschirmfoto-2022-10-30-um-10.54.59.png\" alt=\"\" width=\"512\" height=\"250\" srcset=\"https:\/\/alpdeluxe.at\/wp-content\/uploads\/2022\/10\/Bildschirmfoto-2022-10-30-um-10.54.59.png 1778w, https:\/\/alpdeluxe.at\/wp-content\/uploads\/2022\/10\/Bildschirmfoto-2022-10-30-um-10.54.59-300x146.png 300w, https:\/\/alpdeluxe.at\/wp-content\/uploads\/2022\/10\/Bildschirmfoto-2022-10-30-um-10.54.59-1024x500.png 1024w, https:\/\/alpdeluxe.at\/wp-content\/uploads\/2022\/10\/Bildschirmfoto-2022-10-30-um-10.54.59-768x375.png 768w, https:\/\/alpdeluxe.at\/wp-content\/uploads\/2022\/10\/Bildschirmfoto-2022-10-30-um-10.54.59-1536x750.png 1536w\" sizes=\"auto, (max-width: 512px) 100vw, 512px\" \/>[\/vc_column_text][\/vc_column_inner][vc_column_inner width=&#8221;1\/6&#8243;][\/vc_column_inner][\/vc_row_inner][\/vc_column][\/vc_row][vc_row gap=&#8221;5&#8243; content_placement=&#8221;top&#8221;][vc_column width=&#8221;1\/3&#8243;][vc_single_image image=&#8221;7356&#8243; img_size=&#8221;full&#8221; alignment=&#8221;center&#8221;][vc_column_text css=&#8221;&#8221;]\n<h3 style=\"text-align: left;\"><span style=\"font-size: 24px; color: #4b5854;\">HOLZGAU IN THE MIDDLE OF WINTER<\/span><\/h3>\n<p style=\"text-align: left;\"><span style=\"font-size: 16px; color: #4b5854;\">NATURE PARK PUR<br \/>\n<\/span><span style=\"font-size: 16px; color: #4b5854;\">Here with us in Holzgau, winter pleasure hearts beat faster. Winter hikers also enjoy the winter wonderland Tyrol. On cross-country skiing trails people sweat profusely and the experienced ski schools ensure a happy family vacation.<\/span><\/p>\n[\/vc_column_text][vc_btn title=&#8221;DETAILS&#8221; style=&#8221;outline-custom&#8221; outline_custom_color=&#8221;#4b5854&#8243; outline_custom_hover_background=&#8221;#ffffff&#8221; outline_custom_hover_text=&#8221;#4b5854&#8243; shape=&#8221;square&#8221; align=&#8221;left&#8221; css=&#8221;.vc_custom_1750941402562{margin-top: -20px !important;}&#8221; link=&#8221;url:https%3A%2F%2Fwww.lechtal.at%2Fen%2Fregion%2Fvillages%2Fholzgau.html|target:_blank&#8221;][\/vc_column][vc_column width=&#8221;1\/3&#8243;][vc_single_image image=&#8221;7357&#8243; img_size=&#8221;full&#8221; alignment=&#8221;center&#8221;][vc_column_text css=&#8221;&#8221;]\n<h3 style=\"text-align: left;\"><span style=\"font-size: 24px; color: #4b5854;\">SNOWSHOEING &amp; WINTER HIKING<\/span><\/h3>\n<p style=\"text-align: left;\"><span style=\"font-size: 16px; color: #4b5854;\">AROUND THE LAST WILD<br \/>\nWinter and snowshoe hikers but also tourers now find ideal conditions for contemplative hikes in the pristine natural landscape of the region.<br \/>\n<\/span><\/p>\n[\/vc_column_text][vc_btn title=&#8221;DETAILS&#8221; style=&#8221;outline-custom&#8221; outline_custom_color=&#8221;#4b5854&#8243; outline_custom_hover_background=&#8221;#ffffff&#8221; outline_custom_hover_text=&#8221;#4b5854&#8243; shape=&#8221;square&#8221; align=&#8221;left&#8221; css=&#8221;.vc_custom_1750941414543{margin-top: -20px !important;}&#8221; link=&#8221;url:https%3A%2F%2Fwww.lechtal.at%2Fen%2Factivities%2Fwinter-hiking%2Fwinter-hiking-in-the-lech-valley.html|target:_blank&#8221;][\/vc_column][vc_column width=&#8221;1\/3&#8243;][vc_single_image image=&#8221;7358&#8243; img_size=&#8221;full&#8221; alignment=&#8221;center&#8221;][vc_column_text css=&#8221;&#8221;]\n<h3 style=\"text-align: left;\"><span style=\"font-size: 24px; color: #4b5854;\">CROSS-COUNTRY SKIING ON 190 KILOMETERS OF TRAIL<\/span><\/h3>\n<p style=\"text-align: left;\"><span style=\"font-size: 16px; color: #4b5854;\">Not steeply downhill, but long straight ahead.<br \/>\nCross-country ski over gentle landscapes while admiring the impressive mountain scenery. The nature park region Lechtal has perfectly groomed trails for cross-country skiers and skaters.<br \/>\n<\/span><\/p>\n[\/vc_column_text][vc_btn title=&#8221;DETAILS&#8221; style=&#8221;outline-custom&#8221; outline_custom_color=&#8221;#4b5854&#8243; outline_custom_hover_background=&#8221;#ffffff&#8221; outline_custom_hover_text=&#8221;#4b5854&#8243; shape=&#8221;square&#8221; align=&#8221;left&#8221; css=&#8221;.vc_custom_1750941426868{margin-top: -20px !important;}&#8221; link=&#8221;url:https%3A%2F%2Fwww.lechtal.at%2Fen%2Factivities%2Fcross-country-skiing.html|target:_blank&#8221;][\/vc_column][\/vc_row][vc_row gap=&#8221;5&#8243; equal_height=&#8221;yes&#8221; content_placement=&#8221;top&#8221;][vc_column][vc_empty_space height=&#8221;50&#8243;][\/vc_column][\/vc_row][vc_row full_width=&#8221;stretch_row&#8221; gap=&#8221;5&#8243; content_placement=&#8221;middle&#8221; css=&#8221;.vc_custom_1750942404870{background-image: url(https:\/\/alpdeluxe.at\/wp-content\/uploads\/2025\/06\/alpdeluxe_winter_neu_2.jpg?id=7857) !important;background-position: center !important;background-repeat: no-repeat !important;background-size: cover !important;}&#8221;][vc_column width=&#8221;1\/6&#8243;][\/vc_column][vc_column width=&#8221;2\/3&#8243;][vc_row_inner][vc_column_inner width=&#8221;1\/2&#8243;][\/vc_column_inner][vc_column_inner width=&#8221;1\/2&#8243;][vc_cta h2=&#8221;TOBOGGANING&#8221; h2_font_container=&#8221;tag:h3|font_size:30|text_align:left|color:%23ffffff&#8221; h2_use_theme_fonts=&#8221;yes&#8221; shape=&#8221;square&#8221; style=&#8221;custom&#8221; add_button=&#8221;bottom&#8221; btn_title=&#8221;ALL ROUTES&#8221; btn_style=&#8221;outline&#8221; btn_shape=&#8221;square&#8221; btn_color=&#8221;white&#8221; btn_align=&#8221;left&#8221; css=&#8221;.vc_custom_1750941443660{border-top-width: 1px !important;border-right-width: 1px !important;border-bottom-width: 1px !important;border-left-width: 1px !important;border-left-style: solid !important;border-right-style: solid !important;border-top-style: solid !important;border-bottom-style: solid !important;border-color: #4B5854 !important;}&#8221; use_custom_fonts_h2=&#8221;true&#8221; btn_link=&#8221;url:https%3A%2F%2Fwww.lechtal.at%2Fen%2Factivities%2Ftobogganing.html|title:Rodeln|target:_blank&#8221; custom_background=&#8221;#4B5854&#8243; custom_text=&#8221;#FFFFFF&#8221;]<span style=\"color: #ffffff;\"><strong>Our family tip<br \/>\n<\/strong>The nature park region can serve with numerous toboggan runs. The runs are largely suitable for families and some are also illuminated in the evening. In Holzgau you can look forward to a two-kilometre-long, illuminated toboggan run. As a special service, there is also the possibility of being transported uphill by tractor.<\/span>[\/vc_cta][\/vc_column_inner][\/vc_row_inner][\/vc_column][vc_column width=&#8221;1\/6&#8243;][\/vc_column][\/vc_row][vc_row][vc_column][vc_empty_space height=&#8221;50&#8243;][vc_row_inner][vc_column_inner width=&#8221;1\/3&#8243;][vc_cta h2=&#8221;SKIBUS&#8221; h2_font_container=&#8221;tag:h3|text_align:center|color:%234b5854&#8243; h2_use_theme_fonts=&#8221;yes&#8221; h4=&#8221;Current timetables&#8221; txt_align=&#8221;center&#8221; shape=&#8221;square&#8221; style=&#8221;custom&#8221; add_button=&#8221;bottom&#8221; btn_title=&#8221;DETAILS&#8221; btn_style=&#8221;outline-custom&#8221; btn_outline_custom_color=&#8221;#4b5854&#8243; btn_outline_custom_hover_background=&#8221;#dfdfd0&#8243; btn_outline_custom_hover_text=&#8221;#4b5854&#8243; btn_shape=&#8221;square&#8221; btn_align=&#8221;center&#8221; css=&#8221;.vc_custom_1750941457556{margin-top: 0px !important;margin-bottom: 0px !important;}&#8221; use_custom_fonts_h2=&#8221;true&#8221; custom_background=&#8221;rgba(176,182,180,0.24)&#8221; custom_text=&#8221;#4b5854&#8243; btn_link=&#8221;url:https%3A%2F%2Fwww.lechtal.at%2Fen%2Fregion%2Fmobility%2Fregiobus.html|title:Fahrplan|target:_blank&#8221;][\/vc_cta][\/vc_column_inner][vc_column_inner width=&#8221;1\/3&#8243;][vc_cta h2=&#8221;CURRENT&#8221; h2_font_container=&#8221;tag:h3|text_align:center|color:%234b5854&#8243; h2_use_theme_fonts=&#8221;yes&#8221; h4=&#8221;Events in Holzgau&#8221; txt_align=&#8221;center&#8221; shape=&#8221;square&#8221; style=&#8221;custom&#8221; add_button=&#8221;bottom&#8221; btn_title=&#8221;CALENDAR&#8221; btn_style=&#8221;outline-custom&#8221; btn_outline_custom_color=&#8221;#4b5854&#8243; btn_outline_custom_hover_background=&#8221;#dfdfd0&#8243; btn_outline_custom_hover_text=&#8221;#4b5854&#8243; btn_shape=&#8221;square&#8221; btn_align=&#8221;center&#8221; css=&#8221;.vc_custom_1750941470673{margin-top: 0px !important;margin-bottom: 0px !important;}&#8221; use_custom_fonts_h2=&#8221;true&#8221; custom_background=&#8221;rgba(176,182,180,0.24)&#8221; custom_text=&#8221;#4b5854&#8243; btn_link=&#8221;url:https%3A%2F%2Fwww.lechtal.at%2Fen%2Fevents%2Fcurrent-events.html|title:Veranstaltungen|target:_blank&#8221;][\/vc_cta][\/vc_column_inner][vc_column_inner width=&#8221;1\/3&#8243;][vc_cta h2=&#8221;SKITOURES&#8221; h2_font_container=&#8221;tag:h3|text_align:center|color:%234b5854&#8243; h2_use_theme_fonts=&#8221;yes&#8221; h4=&#8221;Off the slopes&#8221; txt_align=&#8221;center&#8221; shape=&#8221;square&#8221; style=&#8221;custom&#8221; add_button=&#8221;bottom&#8221; btn_title=&#8221;DETAILS&#8221; btn_style=&#8221;outline-custom&#8221; btn_outline_custom_color=&#8221;#4b5854&#8243; btn_outline_custom_hover_background=&#8221;#dfdfd0&#8243; btn_outline_custom_hover_text=&#8221;#4b5854&#8243; btn_shape=&#8221;square&#8221; btn_align=&#8221;center&#8221; css=&#8221;.vc_custom_1750941480023{margin-top: 0px !important;margin-bottom: 0px !important;}&#8221; use_custom_fonts_h2=&#8221;true&#8221; custom_background=&#8221;rgba(176,182,180,0.24)&#8221; custom_text=&#8221;#4b5854&#8243; btn_link=&#8221;url:https%3A%2F%2Fwww.lechtal.at%2Fde%2Faktivitaeten%2Fskitouren.html|title:Skitouren|target:_blank&#8221;][\/vc_cta][\/vc_column_inner][\/vc_row_inner][vc_empty_space height=&#8221;50&#8243;][\/vc_column][\/vc_row][vc_row gap=&#8221;5&#8243; equal_height=&#8221;yes&#8221; content_placement=&#8221;top&#8221; disable_element=&#8221;yes&#8221;][vc_column][vc_row_inner gap=&#8221;5&#8243;][vc_column_inner css=&#8221;.vc_custom_1645799958582{background-image: url(https:\/\/alpdeluxe.at\/wp-content\/uploads\/2022\/02\/winteraktiv_5_2022.jpg?id=4505) !important;background-position: center !important;background-repeat: no-repeat !important;background-size: cover !important;}&#8221;][vc_cta h2=&#8221;ZU FUSS DURCH DEN SCHNEE&#8221; h2_font_container=&#8221;tag:h3|font_size:30|text_align:left|color:%23ffffff&#8221; h2_use_theme_fonts=&#8221;yes&#8221; shape=&#8221;square&#8221; style=&#8221;outline&#8221; color=&#8221;white&#8221; css=&#8221;.vc_custom_1645806161501{border-top-width: 1px !important;border-right-width: 1px !important;border-bottom-width: 1px !important;border-left-width: 1px !important;border-left-color: #ffffff !important;border-left-style: solid !important;border-right-color: #ffffff !important;border-right-style: solid !important;border-top-color: #ffffff !important;border-top-style: solid !important;border-bottom-color: #ffffff !important;border-bottom-style: solid !important;}&#8221; use_custom_fonts_h2=&#8221;true&#8221;]<span style=\"color: #ffffff;\">Raus aus dem Stress und inmitten einer verzaubernden Bergwelt neue Energie tanken. Ob gem\u00fctlich bei einem Spaziergang durch die malerische Winterlandschaft, entlang an glitzernden Schneefeldern die frische Bergluft einatmen und den Blick auf verschneite Bergspitzen fotografisch festhalten.<\/span><br \/>\n<span style=\"color: #ffffff;\">Oder aktiv mit den Schneeschuhen auf ungespurten Winterwegen ein paar H\u00f6henmeter zur\u00fccklegen und von oben das Bergpanorama genie\u00dfen. Gef\u00fchrt oder auf eigene Faust. Unsere Region bietet ein vielseitiges Angebot an gef\u00fchrten Wanderungen mit verschiedensten Schwierigkeitsgrade um die funkelnde Kombination aus Eis, Schnee und Bergen zu erleben.<\/span>[\/vc_cta][\/vc_column_inner][\/vc_row_inner][\/vc_column][\/vc_row][vc_row][vc_column][vc_empty_space height=&#8221;50&#8243;][\/vc_column][\/vc_row][vc_row full_width=&#8221;stretch_row_content&#8221; css=&#8221;.vc_custom_1628683131521{margin-bottom: -30px !important;background: #4b5854 url(https:\/\/alpdeluxe.at\/wp-content\/uploads\/2021\/08\/footer_alpdeluxe5.png?id=3331) !important;background-position: center !important;background-repeat: no-repeat !important;background-size: cover !important;}&#8221;][vc_column width=&#8221;1\/5&#8243;][\/vc_column][vc_column width=&#8221;1\/5&#8243;][vc_column_text css=&#8221;&#8221;]\n<h4 style=\"text-align: left;\"><span style=\"color: #ffffff;\"><a style=\"color: #ffffff;\" href=\"https:\/\/bookingengine.casablanca.at\/en\/a_6654_alpdeluxe\/naturpark-alpdeluxe-apartments?numberOfRooms=1\" target=\"_blank\" rel=\"noopener\">Book now<\/a><\/span><\/h4>\n[\/vc_column_text][vc_column_text css=&#8221;&#8221;]\n<h4 style=\"text-align: left;\"><a href=\"https:\/\/alpdeluxe.at\/en\/anfragen\/\"><span style=\"color: #ffffff;\">Request<\/span><\/a><\/h4>\n[\/vc_column_text][vc_column_text css=&#8221;&#8221;]\n<h4 style=\"text-align: left;\"><span style=\"color: #ffffff;\"><a style=\"color: #ffffff;\" href=\"https:\/\/alpdeluxe.at\/en\/kontakt\/\">Contact | Approach<\/a><\/span><\/h4>\n[\/vc_column_text][vc_column_text css=&#8221;&#8221;]\n<h3><span style=\"color: #b3b38e; font-size: 24px;\">Your booking<\/span><\/h3>\n<p><span style=\"color: #ffffff;\"><span style=\"font-size: 18px;\"><a style=\"color: #ffffff;\" href=\"https:\/\/alpdeluxe.at\/en\/allgemeine-geschaeftsbedingungen-agb\/\">AGB<\/a><\/span><em><br \/>\n<\/em><span style=\"font-size: 18px;\"><a style=\"color: #ffffff;\" href=\"https:\/\/alpdeluxe.at\/en\/preise-2\/\">Payment &amp; Prices<\/a><br \/>\n<\/span><span style=\"font-size: 18px;\"><a style=\"color: #ffffff;\" href=\"https:\/\/alpdeluxe.at\/en\/leistungen\/\">Services<\/a><\/span><\/span>[\/vc_column_text][vc_column_text css=&#8221;&#8221;]\n<h3><span style=\"color: #b3b38e; font-size: 24px;\">Free time<\/span><\/h3>\n<p><span style=\"font-size: 18px; color: #ffffff;\"><a style=\"color: #ffffff;\" href=\"https:\/\/alpdeluxe.at\/en\/sommerdeluxe\/\">Summer deluxe<\/a><br \/>\n<a style=\"color: #ffffff;\" href=\"https:\/\/alpdeluxe.at\/en\/winterdeluxe\/\">Winter deluxe<\/a><\/span>[\/vc_column_text][vc_column_text css=&#8221;&#8221;]\n<h3><span style=\"color: #b3b38e; font-size: 24px;\">Important<\/span><\/h3>\n<p><span style=\"color: #ffffff;\"><a style=\"color: #ffffff;\" href=\"https:\/\/alpdeluxe.at\/datenschutzerklaerung\/\"><span style=\"font-size: 18px;\">Privacy Policy<br \/>\n<\/span><\/a><span style=\"font-size: 18px;\"><a style=\"color: #ffffff;\" href=\"https:\/\/alpdeluxe.at\/en\/impressum\/\">Imprint<\/a><\/span><span style=\"font-size: 18px;\"><br \/>\n<\/span><\/span>[\/vc_column_text][\/vc_column][vc_column width=&#8221;1\/5&#8243;][vc_column_text css=&#8221;&#8221;]\n<h4><span style=\"color: #ffffff;\"><a style=\"color: #ffffff;\" href=\"https:\/\/alpdeluxe.at\/en\/wellness\/\">Wellness<\/a><\/span><\/h4>\n[\/vc_column_text][vc_column_text css=&#8221;&#8221;]\n<h4 style=\"text-align: left;\"><span style=\"color: #ffffff;\"><a style=\"color: #ffffff;\" href=\"https:\/\/alpdeluxe.at\/en\/kulinarik\/\">Culinary<\/a><\/span><\/h4>\n[\/vc_column_text][vc_column_text css=&#8221;&#8221;]\n<h3><span style=\"color: #b3b38e; font-size: 24px;\">Living<\/span><\/h3>\n<p><a href=\"https:\/\/alpdeluxe.at\/en\/unser-haus\/\"><span style=\"font-size: 18px;\"><span style=\"color: #ffffff;\">Our house<\/span><\/span><\/a><br \/>\n<span style=\"color: #ffffff;\"><a style=\"color: #ffffff;\" href=\"https:\/\/alpdeluxe.at\/en\/apartments\/\"><span style=\"font-size: 18px;\">Apartments<\/span><\/a><\/span><br \/>\n<span style=\"color: #ffffff;\"><a style=\"color: #ffffff;\" href=\"https:\/\/alpdeluxe.at\/en\/studios\/\"><span style=\"font-size: 18px;\">Studios<\/span><\/a><\/span><br \/>\n<span style=\"color: #ffffff;\"><a style=\"color: #ffffff;\" href=\"https:\/\/alpdeluxe.at\/en\/zimmer\/\"><span style=\"font-size: 18px;\">Rooms<\/span><\/a><\/span>[\/vc_column_text][vc_empty_space height=&#8221;15&#8243;][vc_column_text css=&#8221;&#8221;]\n<h3 style=\"text-align: left;\"><span style=\"color: #b3b38e; font-size: 18px;\"><strong>NATURPARKGUT<br \/>\nalpdeluxe<\/strong><br \/>\n<strong>Apartments Holzgau<\/strong><\/span><\/h3>\n<p style=\"text-align: left;\"><span style=\"color: #ffffff; font-size: 18px;\">Familie \u00a0Gl\u00fcck<\/span><br \/>\n<span style=\"color: #ffffff; font-size: 18px;\">Oberholzgau 99b<br \/>\nA 6654 Holzgau<\/span><br \/>\n<span style=\"color: #ffffff; font-size: 18px;\"><strong>M<\/strong>\u00a0+43 699 181 015 41<\/span><br \/>\n<span style=\"color: #ffffff; font-size: 18px;\"><strong>E<\/strong>\u00a0welcome(at)alpdeluxe.at<\/span><br \/>\n<span style=\"color: #ffffff; font-size: 18px;\"><strong>W<\/strong>\u00a0www.alpdeluxe.at<\/span><\/p>\n[\/vc_column_text][\/vc_column][vc_column width=&#8221;1\/5&#8243;][vc_column_text css=&#8221;&#8221;]\n<h3 style=\"text-align: center;\"><span style=\"font-size: 18px; color: #ffffff;\">Gift card<\/span><\/h3>\n<p style=\"text-align: center;\"><a href=\"mailto:welcome@alpdeluxe.at?subject=GIFT VOUCHER\"><img loading=\"lazy\" decoding=\"async\" class=\"aligncenter wp-image-5631\" src=\"https:\/\/alpdeluxe.at\/wp-content\/uploads\/2022\/11\/Icons_alpdeluxe_weiss_2022_3-12.png\" alt=\"\" width=\"150\" height=\"159\" srcset=\"https:\/\/alpdeluxe.at\/wp-content\/uploads\/2022\/11\/Icons_alpdeluxe_weiss_2022_3-12.png 367w, https:\/\/alpdeluxe.at\/wp-content\/uploads\/2022\/11\/Icons_alpdeluxe_weiss_2022_3-12-284x300.png 284w\" sizes=\"auto, (max-width: 150px) 100vw, 150px\" \/><\/a><\/p>\n[\/vc_column_text][vc_separator color=&#8221;custom&#8221; border_width=&#8221;3&#8243; el_width=&#8221;50&#8243; accent_color=&#8221;#ffffff&#8221;][vc_column_text css=&#8221;&#8221;]\n<h3 style=\"text-align: center;\"><span style=\"font-size: 18px; color: #ffffff;\">More from<br \/>\nNaturparkgut<\/span><\/h3>\n<p style=\"text-align: center;\"><a href=\"https:\/\/holzgau1758.at\/\"><img loading=\"lazy\" decoding=\"async\" class=\"alignnone wp-image-6139\" src=\"https:\/\/alpdeluxe.at\/wp-content\/uploads\/2024\/06\/holzgau_1758_logo_farbe_web-300x300-1.png\" alt=\"\" width=\"154\" height=\"154\" srcset=\"https:\/\/alpdeluxe.at\/wp-content\/uploads\/2024\/06\/holzgau_1758_logo_farbe_web-300x300-1.png 300w, https:\/\/alpdeluxe.at\/wp-content\/uploads\/2024\/06\/holzgau_1758_logo_farbe_web-300x300-1-150x150.png 150w, https:\/\/alpdeluxe.at\/wp-content\/uploads\/2024\/06\/holzgau_1758_logo_farbe_web-300x300-1-50x50.png 50w\" sizes=\"auto, (max-width: 154px) 100vw, 154px\" \/><\/a><\/p>\n[\/vc_column_text][vc_row_inner css=&#8221;.vc_custom_1719568965992{margin-top: -35px !important;}&#8221;][vc_column_inner width=&#8221;1\/5&#8243;][\/vc_column_inner][vc_column_inner width=&#8221;1\/5&#8243;][vc_icon icon_fontawesome=&#8221;fab fa-facebook-square&#8221; color=&#8221;white&#8221; align=&#8221;center&#8221; link=&#8221;url:https%3A%2F%2Fwww.facebook.com%2Falpdeluxeapartments%2F|target:_blank&#8221;][\/vc_column_inner][vc_column_inner width=&#8221;1\/5&#8243;][vc_icon icon_fontawesome=&#8221;fab fa-instagram&#8221; color=&#8221;white&#8221; align=&#8221;center&#8221; link=&#8221;url:https%3A%2F%2Fwww.instagram.com%2Falpdeluxe_apartments%2F%3Fhl%3Dde|target:_blank&#8221;][\/vc_column_inner][vc_column_inner width=&#8221;1\/5&#8243;][vc_icon icon_fontawesome=&#8221;fab fa-whatsapp&#8221; color=&#8221;white&#8221; align=&#8221;center&#8221; link=&#8221;url:https%3A%2F%2Fwa.me%2F4369918101541%2F%3Ftext%3DAnfrage|target:_blank&#8221;][\/vc_column_inner][vc_column_inner width=&#8221;1\/5&#8243;][\/vc_column_inner][\/vc_row_inner][\/vc_column][vc_column width=&#8221;1\/5&#8243;][\/vc_column][\/vc_row]\n<\/div>","protected":false},"excerpt":{"rendered":"<p>[vc_row full_width=&#8221;stretch_row_content&#8221; content_placement=&#8221;top&#8221; css=&#8221;.vc_custom_1645278821062{margin-top: -50px !important;background-position: center !important;background-repeat: no-repeat !important;background-size: cover !important;}&#8221;][vc_column width=&#8221;1\/6&#8243;][\/vc_column][vc_column width=&#8221;2\/3&#8243;][vc_single_image image=&#8221;7359&#8243; img_size=&#8221;full&#8221; alignment=&#8221;center&#8221;][vc_row_inner css=&#8221;.vc_custom_1666967470895{margin-top: 0px !important;margin-right: 0px !important;margin-left: 0px !important;}&#8221;][vc_column_inner width=&#8221;1\/6&#8243;][\/vc_column_inner][vc_column_inner width=&#8221;2\/3&#8243;][vc_column_text css=&#8221;&#8221;] EXPERIENCE THE WINTER In the middle of the nature park: snow-covered firs, perfectly groomed cross-country ski trails, fabulous views. [\/vc_column_text][vc_separator color=&#8221;custom&#8221; border_width=&#8221;3&#8243; el_width=&#8221;20&#8243; css=&#8221;.vc_custom_1666967562043{margin-top: -20px !important;}&#8221; accent_color=&#8221;#4b5854&#8243;][\/vc_column_inner][vc_column_inner width=&#8221;1\/6&#8243;][\/vc_column_inner][\/vc_row_inner][\/vc_column][vc_column &hellip; <a href=\"https:\/\/alpdeluxe.at\/en\/winterdeluxe\/\" title=\"WINTER\" class=\"read-more\">Read More<\/a><\/p>\n","protected":false},"author":3,"featured_media":0,"parent":0,"menu_order":0,"comment_status":"closed","ping_status":"closed","template":"","meta":{"footnotes":""},"class_list":["post-7716","page","type-page","status-publish","hentry"],"_links":{"self":[{"href":"https:\/\/alpdeluxe.at\/en\/wp-json\/wp\/v2\/pages\/7716","targetHints":{"allow":["GET"]}}],"collection":[{"href":"https:\/\/alpdeluxe.at\/en\/wp-json\/wp\/v2\/pages"}],"about":[{"href":"https:\/\/alpdeluxe.at\/en\/wp-json\/wp\/v2\/types\/page"}],"author":[{"embeddable":true,"href":"https:\/\/alpdeluxe.at\/en\/wp-json\/wp\/v2\/users\/3"}],"replies":[{"embeddable":true,"href":"https:\/\/alpdeluxe.at\/en\/wp-json\/wp\/v2\/comments?post=7716"}],"version-history":[{"count":10,"href":"https:\/\/alpdeluxe.at\/en\/wp-json\/wp\/v2\/pages\/7716\/revisions"}],"predecessor-version":[{"id":8244,"href":"https:\/\/alpdeluxe.at\/en\/wp-json\/wp\/v2\/pages\/7716\/revisions\/8244"}],"wp:attachment":[{"href":"https:\/\/alpdeluxe.at\/en\/wp-json\/wp\/v2\/media?parent=7716"}],"curies":[{"name":"wp","href":"https:\/\/api.w.org\/{rel}","templated":true}]}}